
{"id":1624,"date":"2022-08-24T08:58:40","date_gmt":"2022-08-24T08:58:40","guid":{"rendered":"http:\/\/168.119.138.152\/magazine\/"},"modified":"2022-09-14T15:14:39","modified_gmt":"2022-09-14T15:14:39","slug":"%d0%bc%d0%b0%d0%b3%d0%b0%d0%b7%d0%b8%d0%bd%d1%8b","status":"publish","type":"page","link":"https:\/\/shoppingmalldova.md\/ru\/%d0%bc%d0%b0%d0%b3%d0%b0%d0%b7%d0%b8%d0%bd%d1%8b\/","title":{"rendered":"\u041c\u0430\u0433\u0430\u0437\u0438\u043d\u044b"},"content":{"rendered":"<div id=\"caf-post-layout-container\" class=\"caf-post-layout-container  filter-layout1 post-layout1 data-target-div1\" data-post-type=\"magazine\" data-tax=\"categorii_magazine\" data-terms=\"23,42,53,21,20,24,25,48,49,26,27,50,52\" data-per-page=\"16\" data-selected-terms=\"23,42,53,21,20,24,25,48,49,26,27,50,52\" data-filter-id=\"349\" data-post-layout=\"post-layout1\" data-target-div=\"data-target-div1\"><div id=\"caf-filter-layout1\" class='caf-filter-layout data-target-div1 '>\r\n    <ul class=\"caf-filter-container caf-filter-layout1\">\r\n        <li class=\"caf-mb-4\"><a href=\"#\" data-id=\"23,42,53,21,20,24,25,48,49,26,27,50,52\" data-main-id=\"flt\" class=\" abc active\" data-target-div=\"data-target-div1\">\u0412\u0441\u0435<\/a><\/li><li class='caf-mb-4'><a href='#' data-id='23' data-main-id='flt' data-target-div='data-target-div1' class=''>Accesorii \u0219i bijuterii<\/a><\/li><li class='caf-mb-4'><a href='#' data-id='42' data-main-id='flt' data-target-div='data-target-div1' class=''>Divertisment<\/a><\/li><li class='caf-mb-4'><a href='#' data-id='53' data-main-id='flt' data-target-div='data-target-div1' class=''>Flor\u0103rie<\/a><\/li><li class='caf-mb-4'><a href='#' data-id='21' data-main-id='flt' data-target-div='data-target-div1' class=''>\u00cembr\u0103c\u0103minte<\/a><\/li><li class='caf-mb-4'><a href='#' data-id='20' data-main-id='flt' data-target-div='data-target-div1' class=''>\u00cenc\u0103l\u021b\u0103minte<\/a><\/li><li class='caf-mb-4'><a href='#' data-id='24' data-main-id='flt' data-target-div='data-target-div1' class=''>Libr\u0103rie<\/a><\/li><li class='caf-mb-4'><a href='#' data-id='25' data-main-id='flt' data-target-div='data-target-div1' class=''>S\u0103n\u0103tate \u0219i frumuse\u021be<\/a><\/li><li class='caf-mb-4'><a href='#' data-id='48' data-main-id='flt' data-target-div='data-target-div1' class=''>Supermarket<\/a><\/li><li class='caf-mb-4'><a href='#' data-id='49' data-main-id='flt' data-target-div='data-target-div1' class=''>Telefonie mobil\u0103 \u0219i electronice<\/a><\/li><li class='caf-mb-4'><a href='#' data-id='26' data-main-id='flt' data-target-div='data-target-div1' class=''>Totul pentru cas\u0103<\/a><\/li><li class='caf-mb-4'><a href='#' data-id='27' data-main-id='flt' data-target-div='data-target-div1' class=''>Totul pentru copii<\/a><\/li><li class='caf-mb-4'><a href='#' data-id='50' data-main-id='flt' data-target-div='data-target-div1' class=''>Tutungerie<\/a><\/li><li class='caf-mb-4'><a href='#' data-id='52' data-main-id='flt' data-target-div='data-target-div1' class=''>Zoo magazin<\/a><\/li>    <\/ul>\r\n<\/div><div id='manage-ajax-response' class='caf-row'><div class=\"status\"><i class=\"fa fa-spinner\" aria-hidden=\"true\"><\/i><\/div><div class=\"content\"><\/div><\/div><\/div>\n","protected":false},"excerpt":{"rendered":"","protected":false},"author":3,"featured_media":0,"parent":0,"menu_order":0,"comment_status":"closed","ping_status":"closed","template":"","meta":{"om_disable_all_campaigns":false,"inline_featured_image":false,"site-sidebar-layout":"default","site-content-layout":"default","ast-site-content-layout":"default","site-content-style":"default","site-sidebar-style":"default","ast-global-header-display":"","ast-banner-title-visibility":"","ast-main-header-display":"","ast-hfb-above-header-display":"","ast-hfb-below-header-display":"","ast-hfb-mobile-header-display":"","site-post-title":"","ast-breadcrumbs-content":"","ast-featured-img":"","footer-sml-layout":"","ast-disable-related-posts":"","theme-transparent-header-meta":"default","adv-header-id-meta":"","stick-header-meta":"default","header-above-stick-meta":"","header-main-stick-meta":"","header-below-stick-meta":"","astra-migrate-meta-layouts":"default","ast-page-background-enabled":"default","ast-page-background-meta":{"desktop":{"background-color":"","background-image":"","background-repeat":"repeat","background-position":"center center","background-size":"auto","background-attachment":"scroll","background-type":"","background-media":"","overlay-type":"","overlay-color":"","overlay-opacity":"","overlay-gradient":""},"tablet":{"background-color":"","background-image":"","background-repeat":"repeat","background-position":"center center","background-size":"auto","background-attachment":"scroll","background-type":"","background-media":"","overlay-type":"","overlay-color":"","overlay-opacity":"","overlay-gradient":""},"mobile":{"background-color":"","background-image":"","background-repeat":"repeat","background-position":"center center","background-size":"auto","background-attachment":"scroll","background-type":"","background-media":"","overlay-type":"","overlay-color":"","overlay-opacity":"","overlay-gradient":""}},"ast-content-background-meta":{"desktop":{"background-color":"var(--ast-global-color-5)","background-image":"","background-repeat":"repeat","background-position":"center center","background-size":"auto","background-attachment":"scroll","background-type":"","background-media":"","overlay-type":"","overlay-color":"","overlay-opacity":"","overlay-gradient":""},"tablet":{"background-color":"var(--ast-global-color-5)","background-image":"","background-repeat":"repeat","background-position":"center center","background-size":"auto","background-attachment":"scroll","background-type":"","background-media":"","overlay-type":"","overlay-color":"","overlay-opacity":"","overlay-gradient":""},"mobile":{"background-color":"var(--ast-global-color-5)","background-image":"","background-repeat":"repeat","background-position":"center center","background-size":"auto","background-attachment":"scroll","background-type":"","background-media":"","overlay-type":"","overlay-color":"","overlay-opacity":"","overlay-gradient":""}},"footnotes":""},"class_list":["post-1624","page","type-page","status-publish","hentry"],"acf":[],"aioseo_notices":[],"_links":{"self":[{"href":"https:\/\/shoppingmalldova.md\/ru\/wp-json\/wp\/v2\/pages\/1624","targetHints":{"allow":["GET"]}}],"collection":[{"href":"https:\/\/shoppingmalldova.md\/ru\/wp-json\/wp\/v2\/pages"}],"about":[{"href":"https:\/\/shoppingmalldova.md\/ru\/wp-json\/wp\/v2\/types\/page"}],"author":[{"embeddable":true,"href":"https:\/\/shoppingmalldova.md\/ru\/wp-json\/wp\/v2\/users\/3"}],"replies":[{"embeddable":true,"href":"https:\/\/shoppingmalldova.md\/ru\/wp-json\/wp\/v2\/comments?post=1624"}],"version-history":[{"count":2,"href":"https:\/\/shoppingmalldova.md\/ru\/wp-json\/wp\/v2\/pages\/1624\/revisions"}],"predecessor-version":[{"id":2574,"href":"https:\/\/shoppingmalldova.md\/ru\/wp-json\/wp\/v2\/pages\/1624\/revisions\/2574"}],"wp:attachment":[{"href":"https:\/\/shoppingmalldova.md\/ru\/wp-json\/wp\/v2\/media?parent=1624"}],"curies":[{"name":"wp","href":"https:\/\/api.w.org\/{rel}","templated":true}]}}